{"id":7149,"date":"2022-06-28T18:33:09","date_gmt":"2022-06-28T22:33:09","guid":{"rendered":"https:\/\/www.vavilapopovici.com\/wp\/?page_id=7149"},"modified":"2022-06-28T18:41:12","modified_gmt":"2022-06-28T22:41:12","slug":"voci_de_primavara_2021","status":"publish","type":"page","link":"https:\/\/www.vavilapopovici.com\/wp\/voci_de_primavara_2021\/","title":{"rendered":"Voci de Prim\u0103var\u0103"},"content":{"rendered":"\n<p class=\"has-text-align-center\">Voci de Prim\u0103var\u0103 \u2013 versuri, volum bilingv (rom\u00e2n\u0103-englez\u0103) ap\u0103rut \u00een SUA, 2021<\/p>\n","protected":false},"excerpt":{"rendered":"<p>Voci de Prim\u0103var\u0103 \u2013 versuri, volum bilingv (rom\u00e2n\u0103-englez\u0103) ap\u0103rut \u00een SUA, 2021<\/p>\n","protected":false},"author":2,"featured_media":0,"parent":0,"menu_order":40,"comment_status":"closed","ping_status":"closed","template":"","meta":{"_exactmetrics_skip_tracking":false,"_exactmetrics_sitenote_active":false,"_exactmetrics_sitenote_note":"","_exactmetrics_sitenote_category":0,"footnotes":""},"class_list":["post-7149","page","type-page","status-publish"],"_links":{"self":[{"href":"https:\/\/www.vavilapopovici.com\/wp\/wp-json\/wp\/v2\/pages\/7149","targetHints":{"allow":["GET"]}}],"collection":[{"href":"https:\/\/www.vavilapopovici.com\/wp\/wp-json\/wp\/v2\/pages"}],"about":[{"href":"https:\/\/www.vavilapopovici.com\/wp\/wp-json\/wp\/v2\/types\/page"}],"author":[{"embeddable":true,"href":"https:\/\/www.vavilapopovici.com\/wp\/wp-json\/wp\/v2\/users\/2"}],"replies":[{"embeddable":true,"href":"https:\/\/www.vavilapopovici.com\/wp\/wp-json\/wp\/v2\/comments?post=7149"}],"version-history":[{"count":3,"href":"https:\/\/www.vavilapopovici.com\/wp\/wp-json\/wp\/v2\/pages\/7149\/revisions"}],"predecessor-version":[{"id":7154,"href":"https:\/\/www.vavilapopovici.com\/wp\/wp-json\/wp\/v2\/pages\/7149\/revisions\/7154"}],"wp:attachment":[{"href":"https:\/\/www.vavilapopovici.com\/wp\/wp-json\/wp\/v2\/media?parent=7149"}],"curies":[{"name":"wp","href":"https:\/\/api.w.org\/{rel}","templated":true}]}}