{"id":6360,"date":"2020-09-14T18:40:37","date_gmt":"2020-09-14T22:40:37","guid":{"rendered":"https:\/\/www.vavilapopovici.com\/wp\/?page_id=6360"},"modified":"2020-09-14T18:40:38","modified_gmt":"2020-09-14T22:40:38","slug":"articole_eseuri_xi_2020","status":"publish","type":"page","link":"https:\/\/www.vavilapopovici.com\/wp\/articole_eseuri_xi_2020\/","title":{"rendered":"Articole, Eseuri (XI)"},"content":{"rendered":"\n<p class=\"has-text-align-center\">Articole, Eseuri (vol. XI) \u2013 Volum de publicistic\u0103, ap\u0103rut \u00een USA, 2020<\/p>\n\n\n\n<p class=\"has-text-align-center\">(Face\u021bi click pe copert\u0103 pentru a comanda volumul)<\/p>\n\n\n\n<figure class=\"wp-block-image size-large\"><a href=\"https:\/\/www.lulu.com\/en\/us\/shop\/vavila-popovici\/articole-eseuri-vol-xi\/paperback\/product-m5g5e4.html\" target=\"_blank\" rel=\"noopener noreferrer\"><img loading=\"lazy\" decoding=\"async\" width=\"600\" height=\"435\" src=\"https:\/\/www.vavilapopovici.com\/wp\/wp-content\/uploads\/Articole_Eseuri_XI_Full_Cover-600x435.png\" alt=\"\" class=\"wp-image-6358\" srcset=\"https:\/\/www.vavilapopovici.com\/wp\/wp-content\/uploads\/Articole_Eseuri_XI_Full_Cover-600x435.png 600w, https:\/\/www.vavilapopovici.com\/wp\/wp-content\/uploads\/Articole_Eseuri_XI_Full_Cover-400x290.png 400w, https:\/\/www.vavilapopovici.com\/wp\/wp-content\/uploads\/Articole_Eseuri_XI_Full_Cover-300x218.png 300w, https:\/\/www.vavilapopovici.com\/wp\/wp-content\/uploads\/Articole_Eseuri_XI_Full_Cover-768x557.png 768w, https:\/\/www.vavilapopovici.com\/wp\/wp-content\/uploads\/Articole_Eseuri_XI_Full_Cover.png 844w\" sizes=\"auto, (max-width: 600px) 100vw, 600px\" \/><\/a><\/figure>\n\n\n\n<p class=\"has-text-align-center\">* * *<\/p>\n\n\n\n<p class=\"has-text-align-center\"><strong><a href=\"https:\/\/www.lulu.com\/en\/us\/shop\/vavila-popovici\/articole-eseuri-vol-xi\/paperback\/product-m5g5e4.html\" target=\"_blank\" rel=\"noreferrer noopener\">Click here to order online!<\/a><\/strong><\/p>\n","protected":false},"excerpt":{"rendered":"<p>Articole, Eseuri (vol. XI) \u2013 Volum de publicistic\u0103, ap\u0103rut \u00een USA, 2020 (Face\u021bi click pe copert\u0103 pentru a comanda volumul) * * * Click here to order online!<\/p>\n","protected":false},"author":2,"featured_media":0,"parent":0,"menu_order":45,"comment_status":"closed","ping_status":"closed","template":"","meta":{"_exactmetrics_skip_tracking":false,"_exactmetrics_sitenote_active":false,"_exactmetrics_sitenote_note":"","_exactmetrics_sitenote_category":0,"footnotes":""},"class_list":["post-6360","page","type-page","status-publish"],"_links":{"self":[{"href":"https:\/\/www.vavilapopovici.com\/wp\/wp-json\/wp\/v2\/pages\/6360","targetHints":{"allow":["GET"]}}],"collection":[{"href":"https:\/\/www.vavilapopovici.com\/wp\/wp-json\/wp\/v2\/pages"}],"about":[{"href":"https:\/\/www.vavilapopovici.com\/wp\/wp-json\/wp\/v2\/types\/page"}],"author":[{"embeddable":true,"href":"https:\/\/www.vavilapopovici.com\/wp\/wp-json\/wp\/v2\/users\/2"}],"replies":[{"embeddable":true,"href":"https:\/\/www.vavilapopovici.com\/wp\/wp-json\/wp\/v2\/comments?post=6360"}],"version-history":[{"count":0,"href":"https:\/\/www.vavilapopovici.com\/wp\/wp-json\/wp\/v2\/pages\/6360\/revisions"}],"wp:attachment":[{"href":"https:\/\/www.vavilapopovici.com\/wp\/wp-json\/wp\/v2\/media?parent=6360"}],"curies":[{"name":"wp","href":"https:\/\/api.w.org\/{rel}","templated":true}]}}