{"id":24,"date":"2011-10-16T20:27:08","date_gmt":"2011-10-16T20:27:08","guid":{"rendered":"http:\/\/www.vavilapopovici.com\/wp\/?page_id=24"},"modified":"2013-12-12T22:53:53","modified_gmt":"2013-12-13T03:53:53","slug":"jurnalul_unei_veri","status":"publish","type":"page","link":"https:\/\/www.vavilapopovici.com\/wp\/jurnalul_unei_veri\/","title":{"rendered":"Jurnalul unei veri"},"content":{"rendered":"<p><em>\u00a0Jurnalul unei veri<\/em> \u2013 volum de proz\u0103, publicat 2005, Romania.<\/p>\n<p><img loading=\"lazy\" decoding=\"async\" class=\"alignleft size-full wp-image-190\" title=\"Jurnalul unei veri (2005)\" alt=\"\" src=\"http:\/\/www.vavilapopovici.com\/wp\/wp-content\/uploads\/Jurnalul_unei_veri_2005.jpg\" width=\"312\" height=\"450\" srcset=\"https:\/\/www.vavilapopovici.com\/wp\/wp-content\/uploads\/Jurnalul_unei_veri_2005.jpg 312w, https:\/\/www.vavilapopovici.com\/wp\/wp-content\/uploads\/Jurnalul_unei_veri_2005-208x300.jpg 208w, https:\/\/www.vavilapopovici.com\/wp\/wp-content\/uploads\/Jurnalul_unei_veri_2005-277x400.jpg 277w\" sizes=\"auto, (max-width: 312px) 100vw, 312px\" \/><\/p>\n<p style=\"text-align: justify;\">Nu m\u0103 ocup \u00een special cu memoralistica, dar cred c\u0103 este o minim\u0103 obliga\u021bie, ca ziarist, s\u0103 parcurg cartea &#8220;Jurnalul unei veri&#8221;, pe care mi-o trimite, cu elegan\u021b\u0103, distinsa scriitoare Vavila Popovici&#8230; R\u0103splata lecturii este cu at\u00e2t mai mare, cu c\u00e2t noua carte este cu adev\u0103rat bun\u0103.<\/p>\n<p style=\"text-align: right;\"><em>\u00a0Mihai Golescu<br \/>\n<\/em><\/p>\n<p style=\"text-align: center;\">\u00a0* * *<\/p>\n<p style=\"text-align: justify;\">\u00a0\u201e(\u2026) Aceea\u0219i viziune despre lume \u0219i via\u021b\u0103 o \u00eent\u00e2lnim \u0219i \u00een recentul <b><i>Jurnalul unei veri<\/i><\/b>, \u00een care autoarea se declar\u0103 adepta teoriei crea\u021bioniste, dep\u0103\u0219indu-\u0219i clipele de spaim\u0103 (generat\u0103 de nesiguran\u021ba vie\u021bii!), nimic nefiind \u00eent\u00e2mpl\u0103tor \u00een propria-ne devenire, libertatea put\u00e2nd fi ob\u021binut\u0103 \u00een debarasarea de team\u0103, de minciun\u0103 \u0219i ipocrizie. Pentru aceasta, autoarea ne consiliaz\u0103 a nu uita niciodat\u0103 c\u0103 e\u0219ti om, d\u0103ruindu-te cu toat\u0103 fiin\u021ba iubirii \u2013 aici afl\u00e2ndu-se misterul fericirii, devenirea fiind conceput\u0103 dialectic ca o spiral\u0103, \u00een care noi reprezent\u0103m doar un punct. Un loc aparte \u00een \u00eensemn\u0103rile sale jurnalistice \u00eel ocup\u0103 \u2013 ca \u0219i \u00een poezie \u2013 \u00eencercarea de a descoperi r\u0103spunsul la \u00eentreb\u0103rile esen\u021biale ale vie\u021bii, ceea ce explic\u0103 numeroasele \u00eendemnuri parenetice pres\u0103rate de-a lungul amintirilor: <i>A evada din concret spre mister este minunat! Este o \u00eencercare de zbor! Sau poate o fug\u0103 de realitatea terestr\u0103<\/i> \u2013 ne asigur\u0103 autoarea. \u00cen sprijinul ideilor sale, autoarea \u00ee\u0219i prefa\u021beaz\u0103 majoritatea \u00eensemn\u0103rilor de moto-uri extrase din operele scriitorilor care au ajutat-o s\u0103 dep\u0103\u0219easc\u0103 (prin scrisul lor) ciud\u0103\u021beniile devenirii: \u201e\u00cenv\u0103\u021b\u00e2nd s\u0103 tr\u0103ie\u0219ti frumos, vei \u0219tii s\u0103 mori frumos\u201d \u2013 sun\u0103 unul din ultimele moto-uri \u2013 al lui Confucius. \u0218i \u00een \u00eencheierea acestui succint comentariu, nu g\u0103sim altceva mai potrivit dec\u00e2t reproducerea ultimei fraze din Jurnal: <i>\u00cen fiecare moment al vie\u021bii, chem\u0103m dragostea! \u00cencepem prin a o visa, apoi o tr\u0103im \u0219i mult mai t\u00e2rziu\u2026 o amintim<\/i>.\u201d<\/p>\n<p style=\"text-align: right;\">\u00a0Simion B\u0103rbulescu<br \/>\n(\u00een revista <i>Axioma<\/i>, Prahova, iunie 2005; ian. 2006)<\/p>\n<p style=\"text-align: center;\">\u00a0* * *<\/p>\n<p style=\"text-align: justify;\">Jurnalul unei veri. Jurnalul unui suflet care a uitat s\u0103-\u0219i aminteasc\u0103 b\u0103taia timpului. Jurnalul unui vis care nu apune niciodat\u0103. Jurnalul unui sentiment pur, plin de noble\u021be \u0219i de ging\u0103\u0219ie&#8230;<br \/>\nNu pot percepe puterea divin\u0103 pe care Dumnezeu o r\u0103sfr\u00e2nge \u00een raze tandre \u0219i pline de culori, \u00een reflexe asupra distinsei scriitoare, doamna Vavila Popovici. O m\u00e2n\u0103 fermecat\u0103, o minte ager\u0103, un glas aparte, o privire p\u0103trunz\u0103toare \u0219i o figur\u0103 impun\u0103toare&#8230;<br \/>\nVia\u021ba noastr\u0103 este o carte ale c\u0103rei pagini se confund\u0103 cu sufletul. Scriitoarea ne ofer\u0103 un spectacol al vie\u021bii pe o scen\u0103 care are nevoie de spa\u021biul de dincolo de ra\u021biune&#8230;<br \/>\nCartea \u201eJurnalul unei veri\u201d este un angrenaj. R\u00e2ndurile negre de pe h\u00e2rtie sunt ni\u0219te for\u021be care se combin\u0103, se descompun, lucreaz\u0103. Un r\u00e2nd musc\u0103, altul str\u00e2nge \u0219i preseaz\u0103, altul te antreneaz\u0103, \u0219i te subjug\u0103. Un joc al cuvintelor, un joc de-a cuvintele, un jurnal al sufletului care acumuleaz\u0103 tr\u0103iri prea puternice ca s\u0103 nu le \u00eemp\u0103rt\u0103\u0219easc\u0103. O c\u0103l\u0103torie \u00eenseamn\u0103 cunoa\u0219tere, \u00eenseamn\u0103 dragoste. Pentru c\u0103 totul se rezum\u0103 la iubire&#8230; \u201e\u00cen fiecare moment al vie\u021bii chem\u0103m dragostea! \u00cencepem prin a o visa, apoi o tr\u0103im \u0219i mult mai t\u00e2rziu&#8230; o amintim\u201d.<\/p>\n<p style=\"text-align: right;\"><em>\u00a0A. P.<br \/>\n<\/em><\/p>\n<p style=\"text-align: center;\">\u00a0* * *<\/p>\n<p style=\"text-align: justify;\">\u00a0&#8230;Trei idei majore sunt evidente \u00een structura c\u0103r\u021bii: iubirea \u2013 credin\u021ba \u2013 educa\u021bia. \u00cen jurul acestora se formeaz\u0103 nucleul comunic\u0103rii, se dezv\u0103luie concep\u021bii, se \u00eenainteaz\u0103 \u00een istorie, cultur\u0103, muzic\u0103, literatur\u0103 \u0219i religie. Exist\u0103 o tehnic\u0103 \u00een construc\u021bia capitolelor, \u00een sensul c\u0103 multe \u00eencep \u0219i sf\u00e2r\u0219esc prin descrieri de natur\u0103 de o fermec\u0103toare poezie, av\u00e2nd func\u021bia de a restabili rela\u021bia cu Marele Tot.<\/p>\n<p style=\"text-align: right;\"><em>\u00a0Renata Alexe\u00a0\u00a0\u00a0\u00a0<\/em><\/p>\n<p style=\"text-align: center;\">\u00a0* * *<\/p>\n<p>&nbsp;<\/p>\n","protected":false},"excerpt":{"rendered":"<p>\u00a0Jurnalul unei veri \u2013 volum de proz\u0103, publicat 2005, Romania. Nu m\u0103 ocup \u00een special cu memoralistica, dar cred c\u0103 este o minim\u0103 obliga\u021bie, ca ziarist, s\u0103 parcurg cartea &#8220;Jurnalul unei veri&#8221;, pe care mi-o trimite, cu elegan\u021b\u0103, distinsa scriitoare Vavila Popovici&#8230; R\u0103splata lecturii este cu at\u00e2t mai mare, cu c\u00e2t noua carte este cu &#8230;<\/p>\n","protected":false},"author":1,"featured_media":0,"parent":0,"menu_order":87,"comment_status":"open","ping_status":"open","template":"","meta":{"_exactmetrics_skip_tracking":false,"_exactmetrics_sitenote_active":false,"_exactmetrics_sitenote_note":"","_exactmetrics_sitenote_category":0,"footnotes":""},"class_list":["post-24","page","type-page","status-publish"],"_links":{"self":[{"href":"https:\/\/www.vavilapopovici.com\/wp\/wp-json\/wp\/v2\/pages\/24","targetHints":{"allow":["GET"]}}],"collection":[{"href":"https:\/\/www.vavilapopovici.com\/wp\/wp-json\/wp\/v2\/pages"}],"about":[{"href":"https:\/\/www.vavilapopovici.com\/wp\/wp-json\/wp\/v2\/types\/page"}],"author":[{"embeddable":true,"href":"https:\/\/www.vavilapopovici.com\/wp\/wp-json\/wp\/v2\/users\/1"}],"replies":[{"embeddable":true,"href":"https:\/\/www.vavilapopovici.com\/wp\/wp-json\/wp\/v2\/comments?post=24"}],"version-history":[{"count":0,"href":"https:\/\/www.vavilapopovici.com\/wp\/wp-json\/wp\/v2\/pages\/24\/revisions"}],"wp:attachment":[{"href":"https:\/\/www.vavilapopovici.com\/wp\/wp-json\/wp\/v2\/media?parent=24"}],"curies":[{"name":"wp","href":"https:\/\/api.w.org\/{rel}","templated":true}]}}